{"id":859,"date":"2020-07-28T16:11:36","date_gmt":"2020-07-28T14:11:36","guid":{"rendered":"https:\/\/samahan.ch\/produit\/samahan-100-beutel\/"},"modified":"2024-08-02T16:00:21","modified_gmt":"2024-08-02T14:00:21","slug":"samahan-100-beutel","status":"publish","type":"product","link":"https:\/\/samahan.ch\/de\/produit\/samahan-100-beutel\/","title":{"rendered":"Samahan 100 Beutel"},"content":{"rendered":"<p>Konzentriertes, wasserl\u00f6sliches Pr\u00e4parat aus 14 Heilpflanzen, die seit Jahrhunderten in der ayurvedischen Medizin verwendet werden, bekannt als &#8222;Pevaya&#8220;. <strong>Eigenschaften<\/strong> Die Eigenschaften der Pflanzen sind so kombiniert, dass sie effektiv als Synergisten, Bio-Enhancer und nat\u00fcrliche Konservierungsmittel wirken und das Produkt stabilisieren. Samahan wirkt und lindert schnell, bek\u00e4mpft alle Grippesymptome wie Husten, Gliederschmerzen, Schnupfen und Katarrh Seine vorbeugende Wirkung st\u00e4rkt das Immunsystem, vor allem dank der immunstimulierenden Kombination der Pflanzen Seine Wirkung ist schmerzstillend, fiebersenkend, schleiml\u00f6send, Entz\u00fcndungshemmend, antibakteriell und antiviral Ohne Nebenwirkungen <strong>Anwendungsgebiete<\/strong> St\u00e4rkung des Immunsystems Grippe, Husten, Erk\u00e4ltung, Influenza, Katarrh <strong>Dosierung<\/strong> L\u00f6sen Sie einen Beutel in einer Tasse hei\u00dfem Wasser oder einem hei\u00dfen Getr\u00e4nk auf, am besten nach dem Fr\u00fchst\u00fcck. 3 &#8211; 5 Beutel pro Tag bei Grippe.<\/p>\n","protected":false},"excerpt":{"rendered":"<p><strong>SAMAHAN<\/strong> ist ein 100% nat\u00fcrliches ayurvedisches Heilmittel, ohne synthetische Zusatz- und Konservierungsstoffe und ohne Nebenwirkungen.<\/p>\n","protected":false},"featured_media":834,"template":"","meta":[],"product_brand":[],"product_cat":[39],"product_tag":[],"class_list":{"0":"post-859","1":"product","2":"type-product","3":"status-publish","4":"has-post-thumbnail","6":"product_cat-unkategorisiert","8":"entry","9":"has-media","11":"first","12":"instock","13":"taxable","14":"shipping-taxable","15":"purchasable","16":"product-type-simple","17":"has-product-nav","18":"col","19":"span_1_of_3","20":"owp-content-center","21":"owp-thumbs-layout-horizontal","22":"owp-btn-normal","23":"owp-tabs-layout-horizontal","24":"has-no-thumbnails"},"jetpack_sharing_enabled":true,"_links":{"self":[{"href":"https:\/\/samahan.ch\/de\/wp-json\/wp\/v2\/product\/859","targetHints":{"allow":["GET"]}}],"collection":[{"href":"https:\/\/samahan.ch\/de\/wp-json\/wp\/v2\/product"}],"about":[{"href":"https:\/\/samahan.ch\/de\/wp-json\/wp\/v2\/types\/product"}],"version-history":[{"count":1,"href":"https:\/\/samahan.ch\/de\/wp-json\/wp\/v2\/product\/859\/revisions"}],"predecessor-version":[{"id":895,"href":"https:\/\/samahan.ch\/de\/wp-json\/wp\/v2\/product\/859\/revisions\/895"}],"wp:featuredmedia":[{"embeddable":true,"href":"https:\/\/samahan.ch\/de\/wp-json\/wp\/v2\/media\/834"}],"wp:attachment":[{"href":"https:\/\/samahan.ch\/de\/wp-json\/wp\/v2\/media?parent=859"}],"wp:term":[{"taxonomy":"product_brand","embeddable":true,"href":"https:\/\/samahan.ch\/de\/wp-json\/wp\/v2\/product_brand?post=859"},{"taxonomy":"product_cat","embeddable":true,"href":"https:\/\/samahan.ch\/de\/wp-json\/wp\/v2\/product_cat?post=859"},{"taxonomy":"product_tag","embeddable":true,"href":"https:\/\/samahan.ch\/de\/wp-json\/wp\/v2\/product_tag?post=859"}],"curies":[{"name":"wp","href":"https:\/\/api.w.org\/{rel}","templated":true}]}}