{"id":854,"date":"2020-10-21T17:19:23","date_gmt":"2020-10-21T15:19:23","guid":{"rendered":"https:\/\/samahan.ch\/produit\/samahan-balsam\/"},"modified":"2024-12-06T13:53:42","modified_gmt":"2024-12-06T12:53:42","slug":"samahan-balsam","status":"publish","type":"product","link":"https:\/\/samahan.ch\/de\/produit\/samahan-balsam\/","title":{"rendered":"Samahan Balsam"},"content":{"rendered":"<p>Kr\u00e4uterbalsam zur schnellen Linderung von Beschwerden, Schmerzen und Erk\u00e4ltungen.<\/p>\n<p>In der ayurvedischen Medizin f\u00fcr eine schnelle, sichere und wirksame Linderung durch spezifische Kr\u00e4uter anerkannt. <strong>Samahan<\/strong> Balsam ist ein einzigartiger Kr\u00e4uterbalsam, dessen Wirksamkeit auf den synergetischen Effekten einer lang getesteten, einzigartigen Kombination von 15 pflanzlichen Inhaltsstoffen und nat\u00fcrlichen \u00e4therischen \u00d6len beruht.<\/p>\n<p>Diese sind in der traditionellen Medizin f\u00fcr eine schnelle, sichere und wirksame Linderung von Beschwerden, Schmerzen und Erk\u00e4ltungen bekannt.<\/p>\n","protected":false},"excerpt":{"rendered":"<p><strong>SAMAHAN<\/strong> ist ein 100% nat\u00fcrliches ayurvedisches Heilmittel, ohne synthetische Zusatz- und Konservierungsstoffe und ohne Nebenwirkungen.<\/p>\n","protected":false},"featured_media":1367,"template":"","meta":[],"product_brand":[],"product_cat":[39],"product_tag":[],"class_list":{"0":"post-854","1":"product","2":"type-product","3":"status-publish","4":"has-post-thumbnail","6":"product_cat-unkategorisiert","8":"entry","9":"has-media","11":"first","12":"instock","13":"taxable","14":"shipping-taxable","15":"purchasable","16":"product-type-simple","17":"has-product-nav","18":"col","19":"span_1_of_3","20":"owp-content-center","21":"owp-thumbs-layout-horizontal","22":"owp-btn-normal","23":"owp-tabs-layout-horizontal","24":"has-no-thumbnails"},"jetpack_sharing_enabled":true,"_links":{"self":[{"href":"https:\/\/samahan.ch\/de\/wp-json\/wp\/v2\/product\/854","targetHints":{"allow":["GET"]}}],"collection":[{"href":"https:\/\/samahan.ch\/de\/wp-json\/wp\/v2\/product"}],"about":[{"href":"https:\/\/samahan.ch\/de\/wp-json\/wp\/v2\/types\/product"}],"version-history":[{"count":1,"href":"https:\/\/samahan.ch\/de\/wp-json\/wp\/v2\/product\/854\/revisions"}],"predecessor-version":[{"id":1040,"href":"https:\/\/samahan.ch\/de\/wp-json\/wp\/v2\/product\/854\/revisions\/1040"}],"wp:featuredmedia":[{"embeddable":true,"href":"https:\/\/samahan.ch\/de\/wp-json\/wp\/v2\/media\/1367"}],"wp:attachment":[{"href":"https:\/\/samahan.ch\/de\/wp-json\/wp\/v2\/media?parent=854"}],"wp:term":[{"taxonomy":"product_brand","embeddable":true,"href":"https:\/\/samahan.ch\/de\/wp-json\/wp\/v2\/product_brand?post=854"},{"taxonomy":"product_cat","embeddable":true,"href":"https:\/\/samahan.ch\/de\/wp-json\/wp\/v2\/product_cat?post=854"},{"taxonomy":"product_tag","embeddable":true,"href":"https:\/\/samahan.ch\/de\/wp-json\/wp\/v2\/product_tag?post=854"}],"curies":[{"name":"wp","href":"https:\/\/api.w.org\/{rel}","templated":true}]}}